{"id":3033,"date":"2021-05-10T20:59:56","date_gmt":"2021-05-10T18:59:56","guid":{"rendered":"https:\/\/siparliamoinitaliano.com\/avviso-legale\/"},"modified":"2021-05-10T20:59:56","modified_gmt":"2021-05-10T18:59:56","slug":"avviso-legale","status":"publish","type":"page","link":"https:\/\/siparliamoinitaliano.com\/it\/avviso-legale\/","title":{"rendered":"Avviso legale"},"content":{"rendered":"\n<p><p><strong>Avviso legale e termini di utilizzo<\/strong><\/p><\/p>\n\n<p>In questo spazio, l&#8217;UTENTE potr\u00e0 trovare tutte le informazioni relative ai termini e alle condizioni legali che definiscono i rapporti tra gli utenti e noi come responsabili di questo sito web. Come utente, \u00e8 importante conoscere questi termini prima di continuare la navigazione. Sheila Pistolesi In qualit\u00e0 di responsabile di questo sito web, si assume l&#8217;impegno di trattare le informazioni dei nostri utenti e clienti con piena garanzia e di rispettare i requisiti nazionali ed europei che regolano la raccolta e l&#8217;utilizzo dei dati personali dei nostri utenti. Questo sito Web, pertanto, \u00e8 strettamente conforme al RGPD (REGOLAMENTO (UE) 2016\/679 sulla protezione dei dati) e alla Legge 34\/2002 LSSI-CE, dell&#8217;11 luglio, sui servizi della societ\u00e0 dell&#8217;informazione e il commercio elettronico.<\/p>\n\n<p><p><strong>CONDIZIONI GENERALI DI UTILIZZO<\/strong><\/p><\/p>\n\n<p>Le presenti Condizioni Generali regolano l&#8217;uso (compreso il mero accesso) delle pagine web, membri del sito web https:\/\/siparliamoinitaliano.com\/, compresi i contenuti ed i servizi in esse messi a disposizione. Chiunque acceda al web, https:\/\/siparliamoinitaliano.com\/ (\u201cUtente\u201d) accetta di essere vincolato dalle Condizioni Generali in ogni momento in vigore del portale https:\/\/siparliamoinitaliano.com\/. <\/p>\n\n<p><p><strong>DATI PERSONALI CHE RACCOGLIAMO E COME LO FACCIAMO <\/strong><\/p><\/p>\n\n<p><p>Leggi <a href=\"https:\/\/siparliamoinitaliano.com\/it\/politica-sulla-privacy\/\">l&#8217;informativa sulla privacy <\/a><\/p><\/p>\n\n<p><p><strong>IMPEGNI E OBBLIGHI DEGLI UTENTI <\/strong><\/p><\/p>\n\n<p><p>L&#8217;Utente \u00e8 informato, e accetta, che l&#8217;accesso a questo sito web non implica in alcun modo l&#8217;inizio di un rapporto commerciale con https:\/\/siparliamoinitaliano.com\/. In questo modo l&#8217;utente si impegna a utilizzare il sito web, i suoi servizi e contenuti senza violare la normativa vigente, la buona fede e l&#8217;ordine pubblico. \u00c8 vietato l&#8217;uso del sito web, per scopi illeciti o dannosi, o che, in qualsiasi modo, possa causare danni o impedire il normale funzionamento del sito web. Per quanto riguarda i contenuti di questo sito web, \u00e8 vietata: la sua riproduzione, distribuzione o modifica, in tutto o in parte, a meno che non abbia l&#8217;autorizzazione dei suoi legittimi proprietari; qualsiasi violazione dei diritti del fornitore o dei legittimi proprietari; il suo utilizzo per scopi commerciali o pubblicitari. Durante l&#8217;utilizzo del sito web, https:\/\/siparliamoinitaliano.com\/, l&#8217;Utente si impegna a non porre in essere comportamenti che possano ledere l&#8217;immagine, gli interessi ei diritti di https:\/\/siparliamoinitaliano.com\/ o di terzi o che possano recare danno, disabilitare o sovraccaricare il portale (indicare dominio) o che impedirebbe, in qualsiasi modo, il normale utilizzo del web. Tuttavia, l&#8217;Utente deve essere consapevole che le misure di sicurezza dei sistemi informatici su Internet non sono del tutto affidabili e che, pertanto, https:\/\/siparliamoinitaliano.com\/ non pu\u00f2 garantire l&#8217;assenza di virus o altri elementi che possano produrre alterazioni nei sistemi informatici (software e hardware) dell&#8217;Utente o nei propri documenti e file elettronici in essi contenuti.<\/p><\/p>\n\n<p><p><strong>MISURE DI SICUREZZA<\/strong><\/p><\/p>\n\n<p><p>I dati personali comunicati dall&#8217;utente a https:\/\/siparliamoinitaliano.com\/ possono essere conservati in banche dati automatizzate o meno, la cui titolarit\u00e0 corrisponde esclusivamente a https:\/\/siparliamoinitaliano.com\/, assumendo tutte le misure tecniche, organizzative e di sicurezza che ne garantiscono il riservatezza, integrit\u00e0 e qualit\u00e0 delle informazioni ivi contenute secondo quanto previsto dalla normativa vigente in materia di protezione dei dati. La comunicazione tra gli utenti e https:\/\/siparliamoinitaliano.com\/ utilizza un canale sicuro, ei dati trasmessi sono crittografati grazie ai protocolli https, pertanto, garantiamo le migliori condizioni di sicurezza affinch\u00e9 sia garantita la riservatezza degli utenti.<\/p><\/p>\n\n<p><p><strong>RECLAMI<\/strong><\/p><\/p>\n\n<p><p>https:\/\/siparliamoinitaliano.com\/ informa che sono disponibili schede di reclamo per utenti e clienti. L&#8217;Utente pu\u00f2 avanzare reclami richiedendo il proprio modulo di reclamo o inviando una mail a info@siparliamoinitaliano.com indicando il proprio nome e cognome, il servizio e \/ o il prodotto acquistato ed esponendo i motivi del reclamo. L&#8217;utente \/ acquirente pu\u00f2 notificarci il reclamo, sia tramite e-mail a: info@siparliamoinitaliano.com, se lo desidera allegando il seguente modulo di reclamo: Il servizio \/ prodotto: Acquistato il giorno: Nome utente: Indirizzo utente: Firma dell&#8217;utente (solo se presentata su carta): Data: Motivo del reclamo:<\/p><\/p>\n\n<p><p><strong>PIATTAFORMA PER LA RISOLUZIONE DELLE CONTROVERSIE <\/strong><\/p><\/p>\n\n<p><p>Nel caso in cui possa essere di tuo interesse, per inoltrare i tuoi reclami puoi anche utilizzare la piattaforma di risoluzione delle controversie fornita dalla Commissione Europea e che \u00e8 disponibile al seguente link: http:\/\/ec.europa.eu\/consumers\/odr\/<\/p><\/p>\n\n<p><p><strong>DIRITTI DI PROPRIET\u00c0 INTELLETTUALE E INDUSTRIALE <\/strong><\/p><\/p>\n\n<p><p>In virt\u00f9 di quanto disposto dagli articoli 8 e 32.1, secondo comma, della Legge sulla Propriet\u00e0 Intellettuale, la riproduzione, distribuzione e comunicazione pubblica, incluso il metodo per renderle disponibili, di tutto o parte dei contenuti di questa pagina web, per scopi commerciali finalit\u00e0, in qualsiasi supporto e con qualsiasi mezzo tecnico, senza l&#8217;autorizzazione di https:\/\/siparliamoinitaliano.com\/. L&#8217;utente si impegna a rispettare i diritti di Propriet\u00e0 intellettuale e industriale di propriet\u00e0 di https:\/\/siparliamoinitaliano.com\/. L&#8217;utente sa e accetta che l&#8217;intero sito web, contenente senza carattere esaustivo testo, software, contenuti (inclusa struttura, selezione, disposizione e presentazione degli stessi), podcast, fotografie, materiale audiovisivo e grafica, \u00e8 protetto da marchi, diritti d&#8217;autore e altri diritti legittimi, in conformit\u00e0 con i trattati internazionali di cui la Spagna \u00e8 parte e altri diritti di propriet\u00e0 e leggi spagnole. Nel caso in cui un utente o una terza parte ritenga che vi sia stata una violazione dei propri legittimi diritti di propriet\u00e0 intellettuale a causa dell&#8217;introduzione di determinati contenuti sul web, deve notificare tale circostanza a https:\/\/siparliamoinitaliano.com\/ indicando:<\/p><\/p>\n\n<ul class=\"wp-block-list\"><li>\u2022 Dati personali dell&#8217;interessato titolare dei diritti presumibilmente violati, ovvero indicare la rappresentazione con cui agisce nel caso in cui il reclamo sia presentato da un terzo diverso dall&#8217;interessato. &#13;\n<\/li><li>\u2022 Indicare i contenuti protetti dai diritti di propriet\u00e0 intellettuale e la loro collocazione nel web, l&#8217;accreditamento dei diritti di propriet\u00e0 intellettuale indicati e una dichiarazione espressa in cui l&#8217;interessato \u00e8 responsabile della veridicit\u00e0 delle informazioni fornite nella notifica. &#13;\n<\/li><\/ul>\n<p><p><strong>LINK ESTERNI<\/strong><\/p><\/p>\n\n<p><p>Le pagine web https:\/\/siparliamoinitaliano.com\/, potrebbero fornire collegamenti ad altri siti web e contenuti di propriet\u00e0 di terzi. L&#8217;unico scopo dei collegamenti \u00e8 fornire all&#8217;Utente la possibilit\u00e0 di accedere a detti collegamenti. https:\/\/siparliamoinitaliano.com\/ non \u00e8 in ogni caso responsabile dei risultati che potrebbero derivare all&#8217;Utente accedendo a detti link. Allo stesso modo, l&#8217;utente trover\u00e0 all&#8217;interno di questo sito, pagine, promozioni, programmi di affiliazione che accedono alle abitudini di navigazione degli utenti per stabilire profili. Queste informazioni sono sempre anonime e l&#8217;utente non \u00e8 identificato. Le informazioni fornite su questi siti sponsorizzati o collegamenti affiliati sono soggette alle politiche sulla privacy utilizzate su tali siti e non saranno soggette a questa politica sulla privacy. Pertanto, consigliamo vivamente agli utenti di rivedere attentamente le politiche sulla privacy dei link di affiliazione. L&#8217;Utente che intenda stabilire un qualunque dispositivo di collegamento tecnico dal proprio sito web al portale https:\/\/siparliamoinitaliano.com\/ deve ottenere la preventiva autorizzazione scritta di https:\/\/siparliamoinitaliano.com\/ La creazione del collegamento non implica in alcun caso l&#8217;esistenza di rapporti tra https:\/\/siparliamoinitaliano.com\/ e il proprietario del sito in cui viene stabilito il collegamento, n\u00e9 l&#8217;accettazione o l&#8217;approvazione da parte di https:\/\/siparliamoinitaliano.com\/ dei suoi contenuti o servizi<\/p><\/p>\n\n<p><p><strong>POLITICA DEI COMMENTI<\/strong><\/p><\/p>\n\n<p><p>Sul nostro sito Web e commenti sono consentiti per arricchire il contenuto e fare richieste. Non saranno accettati commenti che non sono correlati al tema di questo sito Web, che includono diffamazioni, reclami, insulti, attacchi personali o mancanza di rispetto generale nei confronti dell&#8217;autore o di altri membri. Verranno eliminati anche i commenti che contengono informazioni ovviamente fuorvianti o false, nonch\u00e9 i commenti che contengono informazioni personali, come indirizzi privati o telefoni e che violano la nostra politica sulla protezione dei dati. Allo stesso modo, quei commenti creati solo per scopi promozionali di un sito Web, persona o gruppo e tutto ci\u00f2 che pu\u00f2 essere considerato spam in generale verranno rifiutati. Non sono ammessi commenti anonimi, cos\u00ec come quelli fatti dalla stessa persona con nickname diversi. Anche i commenti che tentano di forzare un dibattito o di prendere posizione da un altro utente non verranno presi in considerazione.<\/p><\/p>\n\n<p><p><strong>ESCLUSIONE DI GARANZIE E RESPONSABILIT\u00c0<\/strong><\/p><\/p>\n\n<p>Il Fornitore non concede alcuna garanzia n\u00e9 \u00e8 responsabile, in ogni caso, per danni di qualsiasi natura che potrebbero essere causati da: &#13;\n&#13;\n\u2022 Il fornitore non \u00e8 responsabile in nessuna circostanza per danni che possono derivare dall&#8217;uso illegale o improprio di questo sito web. &#13;\n<\/p>\n\n<ul class=\"wp-block-list\"><li>La mancanza di disponibilit\u00e0, manutenzione e funzionamento efficace del web, o dei suoi servizi e contenuti; <\/li><li>\u2022 L&#8217;esistenza di virus, programmi dannosi o dannosi nei contenuti; <\/li><li>Uso illegale, negligente, fraudolento o contrario al presente Avviso legale; <\/li><li>\u2022 La mancanza di legalit\u00e0, qualit\u00e0, affidabilit\u00e0, utilit\u00e0 e disponibilit\u00e0 dei servizi forniti da terzi e messi a disposizione degli utenti sul sito. <\/li><li>\u2022 Il fornitore non \u00e8 responsabile in nessuna circostanza per danni che possono derivare dall&#8217;uso illegale o improprio di questo sito web. &#13;\n<\/li><\/ul>\n<p><p><strong>LEGGE APPLICABILE E FORO COMPETENTE<\/strong><\/p><\/p>\n\n<p>In generale, i rapporti tra https:\/\/siparliamoinitaliano.com\/ e gli Utenti dei suoi servizi telematici, presenti su questo sito web, sono soggetti alla legislazione e giurisdizione spagnola e ai tribunali. <\/p>\n\n<p><p><strong>CONTATTO<\/strong><\/p><\/p>\n\n<p><p>Nel caso in cui qualsiasi Utente abbia domande sulle presenti Condizioni legali o qualsiasi commento sul portale https:\/\/siparliamoinitaliano.com\/, si prega di andare a <a href=\"mailto:info@siparliamoinitaliano.com\">info@siparliamoinitaliano.com<\/a><\/p><\/p>\n\n<p>A nome del team di Sheila Pistolesi, ti ringraziamo per il tempo dedicato alla lettura di questo Avviso Legale <\/p>\n","protected":false},"excerpt":{"rendered":"<p>Avviso legale e termini di utilizzo In questo spazio, l&#8217;UTENTE potr\u00e0 trovare tutte le informazioni relative ai termini e alle condizioni legali che definiscono i rapporti tra gli utenti e noi come responsabili di questo sito web. Come utente, \u00e8 importante conoscere questi termini prima di continuare la navigazione. Sheila Pistolesi In qualit\u00e0 di responsabile [&hellip;]<\/p>\n","protected":false},"author":1,"featured_media":0,"parent":0,"menu_order":0,"comment_status":"closed","ping_status":"closed","template":"","meta":{"_et_pb_use_builder":"","_et_pb_old_content":"","_et_gb_content_width":"","_joinchat":[],"footnotes":""},"class_list":["post-3033","page","type-page","status-publish","hentry"],"yoast_head":"<!-- This site is optimized with the Yoast SEO plugin v27.3 - https:\/\/yoast.com\/product\/yoast-seo-wordpress\/ -->\n<title>Avviso legale | Si parliamo in Italiano<\/title>\n<meta name=\"robots\" content=\"noindex, nofollow\" \/>\n<meta property=\"og:locale\" content=\"it_IT\" \/>\n<meta property=\"og:type\" content=\"article\" \/>\n<meta property=\"og:title\" content=\"Avviso legale | Si parliamo in Italiano\" \/>\n<meta property=\"og:description\" content=\"Avviso legale e termini di utilizzo In questo spazio, l&#8217;UTENTE potr\u00e0 trovare tutte le informazioni relative ai termini e alle condizioni legali che definiscono i rapporti tra gli utenti e noi come responsabili di questo sito web. Come utente, \u00e8 importante conoscere questi termini prima di continuare la navigazione. Sheila Pistolesi In qualit\u00e0 di responsabile [&hellip;]\" \/>\n<meta property=\"og:url\" content=\"https:\/\/siparliamoinitaliano.com\/it\/avviso-legale\/\" \/>\n<meta property=\"og:site_name\" content=\"Si parliamo in Italiano\" \/>\n<meta property=\"article:publisher\" content=\"https:\/\/www.facebook.com\/siparliamoinitaliano\" \/>\n<meta property=\"og:image\" content=\"https:\/\/siparliamoinitaliano.com\/wp-content\/uploads\/2021\/04\/Foto-definitiva-identidad-visual-1-1.png\" \/>\n\t<meta property=\"og:image:width\" content=\"683\" \/>\n\t<meta property=\"og:image:height\" content=\"1024\" \/>\n\t<meta property=\"og:image:type\" content=\"image\/png\" \/>\n<meta name=\"twitter:card\" content=\"summary_large_image\" \/>\n<meta name=\"twitter:label1\" content=\"Tempo di lettura stimato\" \/>\n\t<meta name=\"twitter:data1\" content=\"7 minuti\" \/>\n<script type=\"application\/ld+json\" class=\"yoast-schema-graph\">{\"@context\":\"https:\\\/\\\/schema.org\",\"@graph\":[{\"@type\":\"WebPage\",\"@id\":\"https:\\\/\\\/siparliamoinitaliano.com\\\/it\\\/avviso-legale\\\/\",\"url\":\"https:\\\/\\\/siparliamoinitaliano.com\\\/it\\\/avviso-legale\\\/\",\"name\":\"Avviso legale | Si parliamo in Italiano\",\"isPartOf\":{\"@id\":\"https:\\\/\\\/siparliamoinitaliano.com\\\/#website\"},\"datePublished\":\"2021-05-10T18:59:56+00:00\",\"breadcrumb\":{\"@id\":\"https:\\\/\\\/siparliamoinitaliano.com\\\/it\\\/avviso-legale\\\/#breadcrumb\"},\"inLanguage\":\"it-IT\",\"potentialAction\":[{\"@type\":\"ReadAction\",\"target\":[\"https:\\\/\\\/siparliamoinitaliano.com\\\/it\\\/avviso-legale\\\/\"]}]},{\"@type\":\"BreadcrumbList\",\"@id\":\"https:\\\/\\\/siparliamoinitaliano.com\\\/it\\\/avviso-legale\\\/#breadcrumb\",\"itemListElement\":[{\"@type\":\"ListItem\",\"position\":1,\"name\":\"Portada\",\"item\":\"https:\\\/\\\/siparliamoinitaliano.com\\\/it\\\/\"},{\"@type\":\"ListItem\",\"position\":2,\"name\":\"Avviso legale\"}]},{\"@type\":\"WebSite\",\"@id\":\"https:\\\/\\\/siparliamoinitaliano.com\\\/#website\",\"url\":\"https:\\\/\\\/siparliamoinitaliano.com\\\/\",\"name\":\"Si parliamo in Italiano\",\"description\":\"\",\"publisher\":{\"@id\":\"https:\\\/\\\/siparliamoinitaliano.com\\\/#organization\"},\"potentialAction\":[{\"@type\":\"SearchAction\",\"target\":{\"@type\":\"EntryPoint\",\"urlTemplate\":\"https:\\\/\\\/siparliamoinitaliano.com\\\/?s={search_term_string}\"},\"query-input\":{\"@type\":\"PropertyValueSpecification\",\"valueRequired\":true,\"valueName\":\"search_term_string\"}}],\"inLanguage\":\"it-IT\"},{\"@type\":\"Organization\",\"@id\":\"https:\\\/\\\/siparliamoinitaliano.com\\\/#organization\",\"name\":\"Si Parliamo in Italiano\",\"url\":\"https:\\\/\\\/siparliamoinitaliano.com\\\/\",\"logo\":{\"@type\":\"ImageObject\",\"inLanguage\":\"it-IT\",\"@id\":\"https:\\\/\\\/siparliamoinitaliano.com\\\/#\\\/schema\\\/logo\\\/image\\\/\",\"url\":\"https:\\\/\\\/siparliamoinitaliano.com\\\/wp-content\\\/uploads\\\/2021\\\/03\\\/logo-3-PNG.png\",\"contentUrl\":\"https:\\\/\\\/siparliamoinitaliano.com\\\/wp-content\\\/uploads\\\/2021\\\/03\\\/logo-3-PNG.png\",\"width\":2428,\"height\":1467,\"caption\":\"Si Parliamo in Italiano\"},\"image\":{\"@id\":\"https:\\\/\\\/siparliamoinitaliano.com\\\/#\\\/schema\\\/logo\\\/image\\\/\"},\"sameAs\":[\"https:\\\/\\\/www.facebook.com\\\/siparliamoinitaliano\",\"https:\\\/\\\/www.instagram.com\\\/siparliamoinitaliano\\\/\",\"https:\\\/\\\/www.linkedin.com\\\/in\\\/sptraducciones\\\/\"]}]}<\/script>\n<!-- \/ Yoast SEO plugin. -->","yoast_head_json":{"title":"Avviso legale | Si parliamo in Italiano","robots":{"index":"noindex","follow":"nofollow"},"og_locale":"it_IT","og_type":"article","og_title":"Avviso legale | Si parliamo in Italiano","og_description":"Avviso legale e termini di utilizzo In questo spazio, l&#8217;UTENTE potr\u00e0 trovare tutte le informazioni relative ai termini e alle condizioni legali che definiscono i rapporti tra gli utenti e noi come responsabili di questo sito web. Come utente, \u00e8 importante conoscere questi termini prima di continuare la navigazione. Sheila Pistolesi In qualit\u00e0 di responsabile [&hellip;]","og_url":"https:\/\/siparliamoinitaliano.com\/it\/avviso-legale\/","og_site_name":"Si parliamo in Italiano","article_publisher":"https:\/\/www.facebook.com\/siparliamoinitaliano","og_image":[{"width":683,"height":1024,"url":"https:\/\/siparliamoinitaliano.com\/wp-content\/uploads\/2021\/04\/Foto-definitiva-identidad-visual-1-1.png","type":"image\/png"}],"twitter_card":"summary_large_image","twitter_misc":{"Tempo di lettura stimato":"7 minuti"},"schema":{"@context":"https:\/\/schema.org","@graph":[{"@type":"WebPage","@id":"https:\/\/siparliamoinitaliano.com\/it\/avviso-legale\/","url":"https:\/\/siparliamoinitaliano.com\/it\/avviso-legale\/","name":"Avviso legale | Si parliamo in Italiano","isPartOf":{"@id":"https:\/\/siparliamoinitaliano.com\/#website"},"datePublished":"2021-05-10T18:59:56+00:00","breadcrumb":{"@id":"https:\/\/siparliamoinitaliano.com\/it\/avviso-legale\/#breadcrumb"},"inLanguage":"it-IT","potentialAction":[{"@type":"ReadAction","target":["https:\/\/siparliamoinitaliano.com\/it\/avviso-legale\/"]}]},{"@type":"BreadcrumbList","@id":"https:\/\/siparliamoinitaliano.com\/it\/avviso-legale\/#breadcrumb","itemListElement":[{"@type":"ListItem","position":1,"name":"Portada","item":"https:\/\/siparliamoinitaliano.com\/it\/"},{"@type":"ListItem","position":2,"name":"Avviso legale"}]},{"@type":"WebSite","@id":"https:\/\/siparliamoinitaliano.com\/#website","url":"https:\/\/siparliamoinitaliano.com\/","name":"Si parliamo in Italiano","description":"","publisher":{"@id":"https:\/\/siparliamoinitaliano.com\/#organization"},"potentialAction":[{"@type":"SearchAction","target":{"@type":"EntryPoint","urlTemplate":"https:\/\/siparliamoinitaliano.com\/?s={search_term_string}"},"query-input":{"@type":"PropertyValueSpecification","valueRequired":true,"valueName":"search_term_string"}}],"inLanguage":"it-IT"},{"@type":"Organization","@id":"https:\/\/siparliamoinitaliano.com\/#organization","name":"Si Parliamo in Italiano","url":"https:\/\/siparliamoinitaliano.com\/","logo":{"@type":"ImageObject","inLanguage":"it-IT","@id":"https:\/\/siparliamoinitaliano.com\/#\/schema\/logo\/image\/","url":"https:\/\/siparliamoinitaliano.com\/wp-content\/uploads\/2021\/03\/logo-3-PNG.png","contentUrl":"https:\/\/siparliamoinitaliano.com\/wp-content\/uploads\/2021\/03\/logo-3-PNG.png","width":2428,"height":1467,"caption":"Si Parliamo in Italiano"},"image":{"@id":"https:\/\/siparliamoinitaliano.com\/#\/schema\/logo\/image\/"},"sameAs":["https:\/\/www.facebook.com\/siparliamoinitaliano","https:\/\/www.instagram.com\/siparliamoinitaliano\/","https:\/\/www.linkedin.com\/in\/sptraducciones\/"]}]}},"_links":{"self":[{"href":"https:\/\/siparliamoinitaliano.com\/it\/wp-json\/wp\/v2\/pages\/3033","targetHints":{"allow":["GET"]}}],"collection":[{"href":"https:\/\/siparliamoinitaliano.com\/it\/wp-json\/wp\/v2\/pages"}],"about":[{"href":"https:\/\/siparliamoinitaliano.com\/it\/wp-json\/wp\/v2\/types\/page"}],"author":[{"embeddable":true,"href":"https:\/\/siparliamoinitaliano.com\/it\/wp-json\/wp\/v2\/users\/1"}],"replies":[{"embeddable":true,"href":"https:\/\/siparliamoinitaliano.com\/it\/wp-json\/wp\/v2\/comments?post=3033"}],"version-history":[{"count":1,"href":"https:\/\/siparliamoinitaliano.com\/it\/wp-json\/wp\/v2\/pages\/3033\/revisions"}],"predecessor-version":[{"id":3034,"href":"https:\/\/siparliamoinitaliano.com\/it\/wp-json\/wp\/v2\/pages\/3033\/revisions\/3034"}],"wp:attachment":[{"href":"https:\/\/siparliamoinitaliano.com\/it\/wp-json\/wp\/v2\/media?parent=3033"}],"curies":[{"name":"wp","href":"https:\/\/api.w.org\/{rel}","templated":true}]}}