{"id":3037,"date":"2021-05-10T21:41:44","date_gmt":"2021-05-10T19:41:44","guid":{"rendered":"https:\/\/siparliamoinitaliano.com\/?page_id=3037"},"modified":"2021-05-10T21:41:46","modified_gmt":"2021-05-10T19:41:46","slug":"politica-sui-cookie","status":"publish","type":"page","link":"https:\/\/siparliamoinitaliano.com\/it\/politica-sui-cookie\/","title":{"rendered":"Politica sui cookie"},"content":{"rendered":"\n<p><strong>Politica sui cookie<\/strong><\/p>\n\n\n\n<p>Su questo sito web vengono utilizzati cookie di terze parti e propri per assicurarti una migliore esperienza di navigazione, puoi condividere contenuti sui social network e in modo da poter ottenere statistiche sugli utenti.<\/p>\n\n\n\n<p>\u00c8 possibile impedire il download dei cookie attraverso le impostazioni del browser, impedendo la memorizzazione dei cookie sul dispositivo.<\/p>\n\n\n\n<p>In qualit\u00e0 di proprietario di questo sito Web, ti informo che non utilizziamo alcuna informazione personale dai cookie, effettuiamo solo statistiche generali delle visite che non implicano alcuna informazione personale.<\/p>\n\n\n\n<p>\u00c8 molto importante che tu legga questa cookie policy e comprenda che, se continui la navigazione, considereremo che accetti il suo utilizzo.<\/p>\n\n\n\n<p>Secondo i termini di cui all&#8217;articolo 22.2 della Legge 34\/2002 sui servizi della societ\u00e0 dell&#8217;informazione e il commercio elettronico, se prosegui nella navigazione, presterai il tuo consenso all&#8217;utilizzo dei suddetti meccanismi.<\/p>\n\n\n\n<p><strong>Entit\u00e0 responsabile<\/strong><\/p>\n\n\n\n<p>Il soggetto responsabile della raccolta, del trattamento e dell&#8217;utilizzo dei tuoi dati personali, nel senso stabilito dalla Legge sulla protezione dei dati personali \u00e8 la pagina https:\/\/siparliamoinitaliano.com\/, di propriet\u00e0 di Sheila Pistolesi -. Cosa sono i cookies? I cookie sono un insieme di dati che un server deposita nel browser dell&#8217;utente per raccogliere informazioni standard di registrazione a Internet e informazioni sul comportamento dei visitatori di un sito web. In altre parole, si tratta di piccoli file di testo che vengono memorizzati sul disco rigido del computer e che servono per identificare l&#8217;utente quando si collega nuovamente al sito web. Il suo scopo \u00e8 registrare la visita dell&#8217;utente e salvare determinate informazioni. Il suo utilizzo \u00e8 comune e frequente sul web poich\u00e9 consente alle pagine di funzionare in modo pi\u00f9 efficiente e ottenere una maggiore personalizzazione e analisi del comportamento dell&#8217;utente.<\/p>\n\n\n\n<p><strong>QUALI TIPI DI COOKIE CI SONO?<\/strong><\/p>\n\n\n\n<p>I cookie utilizzati nel nostro sito sono cookie di sessione e di terze parti, e ci consentono di memorizzare e accedere a informazioni relative alla lingua, al tipo di browser utilizzato e ad altre caratteristiche generali predefinite dall&#8217;utente, nonch\u00e9 di seguire e analizzare il attivit\u00e0 svolta, al fine di introdurre miglioramenti e fornire i nostri servizi in modo pi\u00f9 efficiente e personalizzato.<\/p>\n\n\n\n<p>I cookie, a seconda della loro permanenza, possono essere suddivisi in cookie di sessione o permanenti. Quelli che scadono quando l&#8217;utente chiude il browser. Quelli che scadono a seconda di quando viene adempiuto lo scopo per il quale servono (ad esempio, affinch\u00e9 l&#8217;utente rimanga identificato nei servizi di Sheila Pistolesi) o quando vengono cancellati manualmente.<\/p>\n\n\n\n<figure class=\"wp-block-table\"><table><tbody><tr><td>Nome<\/td><td>Tipo<\/td><td>Scadenza<\/td><td>Scopo<\/td><td>Classe<\/td><\/tr><tr><td>__utma<\/td><td>Da Terze Parti (Google Analytics)<\/td><td>2 anni<\/td><td>Utilizzato per determinare nuove sessioni o visite<\/td><td>Non esenti<\/td><\/tr><tr><td>__utmb<\/td><td>Da Terze Parti (Google Analytics)<\/td><td>30 minuti<\/td><td>Utilizzato per determinare nuove sessioni o visite<\/td><td>Non esenti<\/td><\/tr><tr><td>__utmc<\/td><td>Da Terze Parti (Google Analytics)<\/td><td>Al termine della sessione<\/td><td>\u00e8 configurato per l&#8217;utilizzo con Urchin<\/td><td>Non esenti<\/td><\/tr><tr><td>__utmz<\/td><td>Da Terze Parti (Google Analytics)<\/td><td>6 mesi<\/td><td>Memorizza l&#8217;origine o la campagna che spiega come l&#8217;utente ha raggiunto la pagina web<\/td><td>Non esenti<\/td><\/tr><\/tbody><\/table><\/figure>\n\n\n\n<p>Inoltre, a seconda del loro obiettivo, i cookie possono essere classificati come segue:<\/p>\n\n\n\n<p><strong>Cookie di prestazione<\/strong><\/p>\n\n\n\n<p>Questo tipo di Cookie ricorda le tue preferenze per gli strumenti presenti nei servizi, quindi non devi riconfigurare il servizio ogni volta che visiti. A titolo di esempio, questa tipologia include: Impostazioni del volume per lettori video o audio. Le velocit\u00e0 di trasmissione video compatibili con il tuo browser. Gli oggetti memorizzati nel &#8220;carrello della spesa&#8221; nei servizi di e-commerce come i negozi.<\/p>\n\n\n\n<p><strong>Cookie di geolocalizzazione<\/strong><\/p>\n\n\n\n<p>Questi cookie vengono utilizzati per scoprire in quale paese ti trovi quando viene richiesto un servizio. Questo cookie \u00e8 completamente anonimo e viene utilizzato solo per guidare i contenuti nella tua posizione.<\/p>\n\n\n\n<p><strong>Cookie di registro<\/strong><\/p>\n\n\n\n<p>I cookie di registrazione vengono generati una volta che l&#8217;utente si \u00e8 registrato o successivamente ha aperto la sua sessione, e sono utilizzati per identificarlo nei servizi con le seguenti finalit\u00e0:<\/p>\n\n\n\n<p>Tenere identificato l&#8217;utente in modo che, se chiude un servizio, il browser o il computer e in un altro momento o un altro giorno rientra in detto servizio, continuer\u00e0 ad essere identificato, facilitando cos\u00ec la sua navigazione senza doversi identificare nuovamente. Questa funzionalit\u00e0 pu\u00f2 essere soppressa se l&#8217;utente preme la funzionalit\u00e0 [chiudi sessione], in modo che questo cookie venga eliminato e la volta successiva che l&#8217;utente accede al servizio, dovr\u00e0 effettuare il login per essere identificato.<\/p>\n\n\n\n<p>Controlla se l&#8217;utente \u00e8 autorizzato ad accedere a determinati servizi, ad esempio per partecipare a un concorso.<\/p>\n\n\n\n<p>Inoltre, alcuni servizi potrebbero utilizzare connettori con social network come Facebook o Twitter. Quando l&#8217;utente si registra a un servizio con credenziali di social network, autorizza il social network a salvare un Cookie persistente che ne ricorda l&#8217;identit\u00e0 e garantisce l&#8217;accesso ai servizi fino alla sua scadenza. L&#8217;utente pu\u00f2 eliminare questo Cookie e revocare l&#8217;accesso ai servizi tramite i social network aggiornando le proprie preferenze nello specifico social network.<\/p>\n\n\n\n<p><strong>Cookie analitici<\/strong><\/p>\n\n\n\n<p>Ogni volta che un utente visita un servizio, uno strumento di un provider esterno genera un cookie analitico sul computer dell&#8217;utente. Questo cookie, che viene generato solo durante la visita, servir\u00e0 nelle future visite ai servizi di Sheila Pistolesi per identificare in modo anonimo il visitatore. I principali obiettivi perseguiti sono:<\/p>\n\n\n\n<p>Consentire l&#8217;identificazione anonima degli utenti che navigano attraverso il cookie (identifica browser e dispositivi, non persone) e quindi il conteggio approssimativo del numero di visitatori e il loro andamento nel tempo. Identifica in modo anonimo i contenuti pi\u00f9 visitati e quindi i pi\u00f9 attraenti per gli utenti Sapere se l&#8217;utente che accede \u00e8 nuovo o ripete la visita.<\/p>\n\n\n\n<p>Importante: a meno che l&#8217;utente non decida di registrarsi a un servizio di Sheila Pistolesi, il cookie non sar\u00e0 mai associato ad alcun dato personale che possa identificarlo. Questi cookie verranno utilizzati solo a fini statistici che aiutano a ottimizzare l&#8217;esperienza dell&#8217;utente sul sito.<\/p>\n\n\n\n<p><strong>Cookie pubblicitari<\/strong><\/p>\n\n\n\n<p>Questo tipo di cookie consente di espandere le informazioni degli annunci mostrati a ciascun utente anonimo nei servizi di Sheila Pistolesi. Tra gli altri, la durata o la frequenza di visualizzazione delle posizioni pubblicitarie, l&#8217;interazione con esse o gli schemi di navigazione e \/ oi comportamenti dell&#8217;utente vengono memorizzati in quanto aiutano a formare un profilo di interesse pubblicitario. In questo modo, consentono di offrire pubblicit\u00e0 relativa agli interessi dell&#8217;utente.<\/p>\n\n\n\n<p><strong>Cookie pubblicitari di terze parti<\/strong><\/p>\n\n\n\n<p>Oltre alla pubblicit\u00e0 gestita dai siti web di Sheila Pistolesi nei loro servizi, i siti web di Sheila Pistolesi offrono ai propri inserzionisti la possibilit\u00e0 di servire pubblicit\u00e0 tramite terze parti (\u201cAd-Server\u201d). In questo modo, queste terze parti possono memorizzare i cookie inviati dai servizi di Sheila Pistolesi dai browser degli utenti, nonch\u00e9 accedere ai dati in essi memorizzati.<\/p>\n\n\n\n<p>Le societ\u00e0 che generano questi cookie hanno le proprie politiche sulla privacy. Attualmente, i siti web di Sheila Pistolesi utilizzano la piattaforma Doubleclick (Google) per gestire questi servizi. Per ulteriori informazioni, vai a<\/p>\n\n\n\n<p><a href=\"http:\/\/www.google.es\/policies\/privacy\/ads\/#toc-doubleclick\">http:\/\/www.google.es\/policies\/privacy\/ads\/#toc-doubleclick<\/a> e <a href=\"http:\/\/www.google.es\/policies\/privacy\/ads\/\">http:\/\/www.google.es\/policies\/privacy\/ads\/<\/a><\/p>\n\n\n\n<p><strong>Come posso disabilitare i cookie nel mio browser?<\/strong><\/p>\n\n\n\n<p>I diversi browser possono essere configurati per avvisare l&#8217;utente della ricezione dei cookie e, se lo desidera, impedirne l&#8217;installazione sul computer. Allo stesso modo l&#8217;utente pu\u00f2 verificare nel proprio browser quali cookie ha installato e qual \u00e8 il periodo di scadenza degli stessi, potendo eliminarli.<\/p>\n\n\n\n<p>Per ampliare queste informazioni, consulta le istruzioni e i manuali del tuo browser:<\/p>\n\n\n\n<p>Per maggiori informazioni sull&#8217;amministrazione dei cookie in Google Chrome: <a href=\"https:\/\/support.google.com\/chrome\/answer\/95647?hl=es\">https:\/\/support.google.com\/chrome\/answer\/95647?hl=es<\/a><\/p>\n\n\n\n<p>Per ulteriori informazioni sulla gestione dei cookie in Internet Explorer: <a href=\"http:\/\/windows.microsoft.com\/es-es\/windows-vista\/cookies-frequently-asked-questions\">http:\/\/windows.microsoft.com\/es-es\/windows-vista\/cookies-frequently-asked-questions<\/a><\/p>\n\n\n\n<p>Per maggiori informazioni sull&#8217;amministrazione dei cookie in Mozilla Firefox: <a href=\"http:\/\/support.mozilla.org\/es\/kb\/habilitar-y-deshabilitar-cookies-que-los-sitios-we\">http:\/\/support.mozilla.org\/es\/kb\/habilitar-y-deshabilitar-cookies-que-los-sitios-we<\/a><\/p>\n\n\n\n<p>Per maggiori informazioni sull&#8217;amministrazione dei cookie in Safari: <a href=\"http:\/\/www.apple.com\/es\/privacy\/use-of-cookies\/\">http:\/\/www.apple.com\/es\/privacy\/use-of-cookies\/<\/a><\/p>\n\n\n\n<p>Per maggiori informazioni sulla gestione dei cookie in Opera: <a href=\"http:\/\/help.opera.com\/Windows\/11.50\/es-ES\/cookies.html\">http:\/\/help.opera.com\/Windows\/11.50\/es-ES\/cookies.html<\/a><\/p>\n\n\n\n<p>Se non vuoi pi\u00f9 essere seguito da Google Analytics, visita: <a href=\"http:\/\/tools.google.com\/dlpage\/gaoptout\">http:\/\/tools.google.com\/dlpage\/gaoptout<\/a><\/p>\n\n\n\n<p><strong>Per saperne di pi\u00f9 sui cookie<\/strong><\/p>\n\n\n\n<p>\u00c8 possibile ottenere ulteriori informazioni sulla pubblicit\u00e0 online basata sul comportamento e sulla privacy online al seguente collegamento: <a href=\"http:\/\/www.youronlinechoices.com\/es\/\">http:\/\/www.youronlinechoices.com\/es\/<\/a><\/p>\n\n\n\n<p>Protezione dei dati di Google Analytics: <a href=\"http:\/\/www.google.com\/analytics\/learn\/privacy.html\">http:\/\/www.google.com\/analytics\/learn\/privacy.html<\/a><\/p>\n\n\n\n<p>Come Google Analytics utilizza i cookie: <a href=\"https:\/\/developers.google.com\/analytics\/devguides\/collection\/analyticsjs\/cookie-usage?hl=es#analyticsjs\">https:\/\/developers.google.com\/analytics\/devguides\/collection\/analyticsjs\/cookie-usage?hl=es#analyticsjs<\/a><\/p>\n\n\n\n<p><strong>Aggiornamenti e modifiche alla privacy policy \/ cookies<\/strong><\/p>\n\n\n\n<p>I siti web di Sheila Pistolesi possono modificare la presente Politica sui cookie in base a requisiti legislativi e regolamentari, o al fine di adattare detta politica alle istruzioni emesse dall&#8217;Agenzia spagnola per la protezione dei dati, pertanto si consiglia agli utenti di visitarla periodicamente.<\/p>\n\n\n\n<p>Quando si verificano cambiamenti significativi nella presente Politica sui cookie, questi verranno comunicati agli utenti tramite il web o tramite e-mail agli utenti registrati.<\/p>\n","protected":false},"excerpt":{"rendered":"<p>Politica sui cookie Su questo sito web vengono utilizzati cookie di terze parti e propri per assicurarti una migliore esperienza di navigazione, puoi condividere contenuti sui social network e in modo da poter ottenere statistiche sugli utenti. \u00c8 possibile impedire il download dei cookie attraverso le impostazioni del browser, impedendo la memorizzazione dei cookie sul [&hellip;]<\/p>\n","protected":false},"author":1,"featured_media":0,"parent":0,"menu_order":0,"comment_status":"closed","ping_status":"closed","template":"","meta":{"_et_pb_use_builder":"","_et_pb_old_content":"","_et_gb_content_width":"","_joinchat":[],"footnotes":""},"class_list":["post-3037","page","type-page","status-publish","hentry"],"yoast_head":"<!-- This site is optimized with the Yoast SEO plugin v27.3 - https:\/\/yoast.com\/product\/yoast-seo-wordpress\/ -->\n<title>Politica sui cookie | Si parliamo in Italiano<\/title>\n<meta name=\"robots\" content=\"index, follow, max-snippet:-1, max-image-preview:large, max-video-preview:-1\" \/>\n<link rel=\"canonical\" href=\"https:\/\/siparliamoinitaliano.com\/it\/politica-sui-cookie\/\" \/>\n<meta property=\"og:locale\" content=\"it_IT\" \/>\n<meta property=\"og:type\" content=\"article\" \/>\n<meta property=\"og:title\" content=\"Politica sui cookie | Si parliamo in Italiano\" \/>\n<meta property=\"og:description\" content=\"Politica sui cookie Su questo sito web vengono utilizzati cookie di terze parti e propri per assicurarti una migliore esperienza di navigazione, puoi condividere contenuti sui social network e in modo da poter ottenere statistiche sugli utenti. \u00c8 possibile impedire il download dei cookie attraverso le impostazioni del browser, impedendo la memorizzazione dei cookie sul [&hellip;]\" \/>\n<meta property=\"og:url\" content=\"https:\/\/siparliamoinitaliano.com\/it\/politica-sui-cookie\/\" \/>\n<meta property=\"og:site_name\" content=\"Si parliamo in Italiano\" \/>\n<meta property=\"article:publisher\" content=\"https:\/\/www.facebook.com\/siparliamoinitaliano\" \/>\n<meta property=\"article:modified_time\" content=\"2021-05-10T19:41:46+00:00\" \/>\n<meta property=\"og:image\" content=\"https:\/\/siparliamoinitaliano.com\/wp-content\/uploads\/2021\/04\/Foto-definitiva-identidad-visual-1-1.png\" \/>\n\t<meta property=\"og:image:width\" content=\"683\" \/>\n\t<meta property=\"og:image:height\" content=\"1024\" \/>\n\t<meta property=\"og:image:type\" content=\"image\/png\" \/>\n<meta name=\"twitter:card\" content=\"summary_large_image\" \/>\n<meta name=\"twitter:label1\" content=\"Tempo di lettura stimato\" \/>\n\t<meta name=\"twitter:data1\" content=\"6 minuti\" \/>\n<script type=\"application\/ld+json\" class=\"yoast-schema-graph\">{\"@context\":\"https:\\\/\\\/schema.org\",\"@graph\":[{\"@type\":\"WebPage\",\"@id\":\"https:\\\/\\\/siparliamoinitaliano.com\\\/it\\\/politica-sui-cookie\\\/\",\"url\":\"https:\\\/\\\/siparliamoinitaliano.com\\\/it\\\/politica-sui-cookie\\\/\",\"name\":\"Politica sui cookie | Si parliamo in Italiano\",\"isPartOf\":{\"@id\":\"https:\\\/\\\/siparliamoinitaliano.com\\\/#website\"},\"datePublished\":\"2021-05-10T19:41:44+00:00\",\"dateModified\":\"2021-05-10T19:41:46+00:00\",\"breadcrumb\":{\"@id\":\"https:\\\/\\\/siparliamoinitaliano.com\\\/it\\\/politica-sui-cookie\\\/#breadcrumb\"},\"inLanguage\":\"it-IT\",\"potentialAction\":[{\"@type\":\"ReadAction\",\"target\":[\"https:\\\/\\\/siparliamoinitaliano.com\\\/it\\\/politica-sui-cookie\\\/\"]}]},{\"@type\":\"BreadcrumbList\",\"@id\":\"https:\\\/\\\/siparliamoinitaliano.com\\\/it\\\/politica-sui-cookie\\\/#breadcrumb\",\"itemListElement\":[{\"@type\":\"ListItem\",\"position\":1,\"name\":\"Portada\",\"item\":\"https:\\\/\\\/siparliamoinitaliano.com\\\/it\\\/\"},{\"@type\":\"ListItem\",\"position\":2,\"name\":\"Politica sui cookie\"}]},{\"@type\":\"WebSite\",\"@id\":\"https:\\\/\\\/siparliamoinitaliano.com\\\/#website\",\"url\":\"https:\\\/\\\/siparliamoinitaliano.com\\\/\",\"name\":\"Si parliamo in Italiano\",\"description\":\"\",\"publisher\":{\"@id\":\"https:\\\/\\\/siparliamoinitaliano.com\\\/#organization\"},\"potentialAction\":[{\"@type\":\"SearchAction\",\"target\":{\"@type\":\"EntryPoint\",\"urlTemplate\":\"https:\\\/\\\/siparliamoinitaliano.com\\\/?s={search_term_string}\"},\"query-input\":{\"@type\":\"PropertyValueSpecification\",\"valueRequired\":true,\"valueName\":\"search_term_string\"}}],\"inLanguage\":\"it-IT\"},{\"@type\":\"Organization\",\"@id\":\"https:\\\/\\\/siparliamoinitaliano.com\\\/#organization\",\"name\":\"Si Parliamo in Italiano\",\"url\":\"https:\\\/\\\/siparliamoinitaliano.com\\\/\",\"logo\":{\"@type\":\"ImageObject\",\"inLanguage\":\"it-IT\",\"@id\":\"https:\\\/\\\/siparliamoinitaliano.com\\\/#\\\/schema\\\/logo\\\/image\\\/\",\"url\":\"https:\\\/\\\/siparliamoinitaliano.com\\\/wp-content\\\/uploads\\\/2021\\\/03\\\/logo-3-PNG.png\",\"contentUrl\":\"https:\\\/\\\/siparliamoinitaliano.com\\\/wp-content\\\/uploads\\\/2021\\\/03\\\/logo-3-PNG.png\",\"width\":2428,\"height\":1467,\"caption\":\"Si Parliamo in Italiano\"},\"image\":{\"@id\":\"https:\\\/\\\/siparliamoinitaliano.com\\\/#\\\/schema\\\/logo\\\/image\\\/\"},\"sameAs\":[\"https:\\\/\\\/www.facebook.com\\\/siparliamoinitaliano\",\"https:\\\/\\\/www.instagram.com\\\/siparliamoinitaliano\\\/\",\"https:\\\/\\\/www.linkedin.com\\\/in\\\/sptraducciones\\\/\"]}]}<\/script>\n<!-- \/ Yoast SEO plugin. -->","yoast_head_json":{"title":"Politica sui cookie | Si parliamo in Italiano","robots":{"index":"index","follow":"follow","max-snippet":"max-snippet:-1","max-image-preview":"max-image-preview:large","max-video-preview":"max-video-preview:-1"},"canonical":"https:\/\/siparliamoinitaliano.com\/it\/politica-sui-cookie\/","og_locale":"it_IT","og_type":"article","og_title":"Politica sui cookie | Si parliamo in Italiano","og_description":"Politica sui cookie Su questo sito web vengono utilizzati cookie di terze parti e propri per assicurarti una migliore esperienza di navigazione, puoi condividere contenuti sui social network e in modo da poter ottenere statistiche sugli utenti. \u00c8 possibile impedire il download dei cookie attraverso le impostazioni del browser, impedendo la memorizzazione dei cookie sul [&hellip;]","og_url":"https:\/\/siparliamoinitaliano.com\/it\/politica-sui-cookie\/","og_site_name":"Si parliamo in Italiano","article_publisher":"https:\/\/www.facebook.com\/siparliamoinitaliano","article_modified_time":"2021-05-10T19:41:46+00:00","og_image":[{"width":683,"height":1024,"url":"https:\/\/siparliamoinitaliano.com\/wp-content\/uploads\/2021\/04\/Foto-definitiva-identidad-visual-1-1.png","type":"image\/png"}],"twitter_card":"summary_large_image","twitter_misc":{"Tempo di lettura stimato":"6 minuti"},"schema":{"@context":"https:\/\/schema.org","@graph":[{"@type":"WebPage","@id":"https:\/\/siparliamoinitaliano.com\/it\/politica-sui-cookie\/","url":"https:\/\/siparliamoinitaliano.com\/it\/politica-sui-cookie\/","name":"Politica sui cookie | Si parliamo in Italiano","isPartOf":{"@id":"https:\/\/siparliamoinitaliano.com\/#website"},"datePublished":"2021-05-10T19:41:44+00:00","dateModified":"2021-05-10T19:41:46+00:00","breadcrumb":{"@id":"https:\/\/siparliamoinitaliano.com\/it\/politica-sui-cookie\/#breadcrumb"},"inLanguage":"it-IT","potentialAction":[{"@type":"ReadAction","target":["https:\/\/siparliamoinitaliano.com\/it\/politica-sui-cookie\/"]}]},{"@type":"BreadcrumbList","@id":"https:\/\/siparliamoinitaliano.com\/it\/politica-sui-cookie\/#breadcrumb","itemListElement":[{"@type":"ListItem","position":1,"name":"Portada","item":"https:\/\/siparliamoinitaliano.com\/it\/"},{"@type":"ListItem","position":2,"name":"Politica sui cookie"}]},{"@type":"WebSite","@id":"https:\/\/siparliamoinitaliano.com\/#website","url":"https:\/\/siparliamoinitaliano.com\/","name":"Si parliamo in Italiano","description":"","publisher":{"@id":"https:\/\/siparliamoinitaliano.com\/#organization"},"potentialAction":[{"@type":"SearchAction","target":{"@type":"EntryPoint","urlTemplate":"https:\/\/siparliamoinitaliano.com\/?s={search_term_string}"},"query-input":{"@type":"PropertyValueSpecification","valueRequired":true,"valueName":"search_term_string"}}],"inLanguage":"it-IT"},{"@type":"Organization","@id":"https:\/\/siparliamoinitaliano.com\/#organization","name":"Si Parliamo in Italiano","url":"https:\/\/siparliamoinitaliano.com\/","logo":{"@type":"ImageObject","inLanguage":"it-IT","@id":"https:\/\/siparliamoinitaliano.com\/#\/schema\/logo\/image\/","url":"https:\/\/siparliamoinitaliano.com\/wp-content\/uploads\/2021\/03\/logo-3-PNG.png","contentUrl":"https:\/\/siparliamoinitaliano.com\/wp-content\/uploads\/2021\/03\/logo-3-PNG.png","width":2428,"height":1467,"caption":"Si Parliamo in Italiano"},"image":{"@id":"https:\/\/siparliamoinitaliano.com\/#\/schema\/logo\/image\/"},"sameAs":["https:\/\/www.facebook.com\/siparliamoinitaliano","https:\/\/www.instagram.com\/siparliamoinitaliano\/","https:\/\/www.linkedin.com\/in\/sptraducciones\/"]}]}},"_links":{"self":[{"href":"https:\/\/siparliamoinitaliano.com\/it\/wp-json\/wp\/v2\/pages\/3037","targetHints":{"allow":["GET"]}}],"collection":[{"href":"https:\/\/siparliamoinitaliano.com\/it\/wp-json\/wp\/v2\/pages"}],"about":[{"href":"https:\/\/siparliamoinitaliano.com\/it\/wp-json\/wp\/v2\/types\/page"}],"author":[{"embeddable":true,"href":"https:\/\/siparliamoinitaliano.com\/it\/wp-json\/wp\/v2\/users\/1"}],"replies":[{"embeddable":true,"href":"https:\/\/siparliamoinitaliano.com\/it\/wp-json\/wp\/v2\/comments?post=3037"}],"version-history":[{"count":1,"href":"https:\/\/siparliamoinitaliano.com\/it\/wp-json\/wp\/v2\/pages\/3037\/revisions"}],"predecessor-version":[{"id":3038,"href":"https:\/\/siparliamoinitaliano.com\/it\/wp-json\/wp\/v2\/pages\/3037\/revisions\/3038"}],"wp:attachment":[{"href":"https:\/\/siparliamoinitaliano.com\/it\/wp-json\/wp\/v2\/media?parent=3037"}],"curies":[{"name":"wp","href":"https:\/\/api.w.org\/{rel}","templated":true}]}}